{"id":2684,"date":"2024-08-09T11:37:04","date_gmt":"2024-08-09T09:37:04","guid":{"rendered":"https:\/\/www.groupeliebot.fr\/nasze-zobowiazania\/wspolpraca-ze-spolecznosciami-lokalnymi-i-stowarzyszeniami\/"},"modified":"2024-08-09T11:37:04","modified_gmt":"2024-08-09T09:37:04","slug":"wspolpraca-ze-spolecznosciami-lokalnymi-i-stowarzyszeniami","status":"publish","type":"page","link":"https:\/\/www.groupeliebot.fr\/pl\/nasze-zobowiazania\/wspolpraca-ze-spolecznosciami-lokalnymi-i-stowarzyszeniami\/","title":{"rendered":"Wsp\u00f3\u0142praca ze spo\u0142eczno\u015bciami lokalnymi i stowarzyszeniami"},"content":{"rendered":"","protected":false},"excerpt":{"rendered":"","protected":false},"author":1,"featured_media":0,"parent":2612,"menu_order":1600,"comment_status":"closed","ping_status":"closed","template":"page-engagement.php","meta":{"_seopress_robots_primary_cat":"","footnotes":""},"class_list":["post-2684","page","type-page","status-publish","hentry"],"acf":[],"_links":{"self":[{"href":"https:\/\/www.groupeliebot.fr\/pl\/wp-json\/wp\/v2\/pages\/2684"}],"collection":[{"href":"https:\/\/www.groupeliebot.fr\/pl\/wp-json\/wp\/v2\/pages"}],"about":[{"href":"https:\/\/www.groupeliebot.fr\/pl\/wp-json\/wp\/v2\/types\/page"}],"author":[{"embeddable":true,"href":"https:\/\/www.groupeliebot.fr\/pl\/wp-json\/wp\/v2\/users\/1"}],"replies":[{"embeddable":true,"href":"https:\/\/www.groupeliebot.fr\/pl\/wp-json\/wp\/v2\/comments?post=2684"}],"version-history":[{"count":0,"href":"https:\/\/www.groupeliebot.fr\/pl\/wp-json\/wp\/v2\/pages\/2684\/revisions"}],"up":[{"embeddable":true,"href":"https:\/\/www.groupeliebot.fr\/pl\/wp-json\/wp\/v2\/pages\/2612"}],"wp:attachment":[{"href":"https:\/\/www.groupeliebot.fr\/pl\/wp-json\/wp\/v2\/media?parent=2684"}],"curies":[{"name":"wp","href":"https:\/\/api.w.org\/{rel}","templated":true}]}}