{"id":2683,"date":"2024-08-09T11:36:02","date_gmt":"2024-08-09T09:36:02","guid":{"rendered":"https:\/\/www.groupeliebot.fr\/nasze-zobowiazania\/rozwoj-zatrudnienia-lokalnego-i-priorytetowe-podejscie-do-lokalnej-partnerskiej-wspolpracy-w-dodatku-do-zatrudniania-na-wlasne-potrzeby-firmy\/"},"modified":"2024-08-09T11:36:02","modified_gmt":"2024-08-09T09:36:02","slug":"rozwoj-zatrudnienia-lokalnego-i-priorytetowe-podejscie-do-lokalnej-partnerskiej-wspolpracy-w-dodatku-do-zatrudniania-na-wlasne-potrzeby-firmy","status":"publish","type":"page","link":"https:\/\/www.groupeliebot.fr\/pl\/nasze-zobowiazania\/rozwoj-zatrudnienia-lokalnego-i-priorytetowe-podejscie-do-lokalnej-partnerskiej-wspolpracy-w-dodatku-do-zatrudniania-na-wlasne-potrzeby-firmy\/","title":{"rendered":"Rozw\u00f3j zatrudnienia lokalnego i priorytetowe podej\u015bcie do lokalnej partnerskiej wsp\u00f3\u0142pracy, w dodatku do zatrudniania na w\u0142asne potrzeby firmy"},"content":{"rendered":"","protected":false},"excerpt":{"rendered":"","protected":false},"author":1,"featured_media":0,"parent":2612,"menu_order":1400,"comment_status":"closed","ping_status":"closed","template":"page-engagement.php","meta":{"_seopress_robots_primary_cat":"","footnotes":""},"class_list":["post-2683","page","type-page","status-publish","hentry"],"acf":[],"_links":{"self":[{"href":"https:\/\/www.groupeliebot.fr\/pl\/wp-json\/wp\/v2\/pages\/2683"}],"collection":[{"href":"https:\/\/www.groupeliebot.fr\/pl\/wp-json\/wp\/v2\/pages"}],"about":[{"href":"https:\/\/www.groupeliebot.fr\/pl\/wp-json\/wp\/v2\/types\/page"}],"author":[{"embeddable":true,"href":"https:\/\/www.groupeliebot.fr\/pl\/wp-json\/wp\/v2\/users\/1"}],"replies":[{"embeddable":true,"href":"https:\/\/www.groupeliebot.fr\/pl\/wp-json\/wp\/v2\/comments?post=2683"}],"version-history":[{"count":0,"href":"https:\/\/www.groupeliebot.fr\/pl\/wp-json\/wp\/v2\/pages\/2683\/revisions"}],"up":[{"embeddable":true,"href":"https:\/\/www.groupeliebot.fr\/pl\/wp-json\/wp\/v2\/pages\/2612"}],"wp:attachment":[{"href":"https:\/\/www.groupeliebot.fr\/pl\/wp-json\/wp\/v2\/media?parent=2683"}],"curies":[{"name":"wp","href":"https:\/\/api.w.org\/{rel}","templated":true}]}}