{"id":2662,"date":"2024-08-09T11:31:43","date_gmt":"2024-08-09T09:31:43","guid":{"rendered":"https:\/\/www.groupeliebot.fr\/nasze-zobowiazania\/wspieranie-osob-starszych-w-kontynuowaniu-satysfakcjonujacej-kariery-zawodowej-i-dzieleniu-sie-wiedza\/"},"modified":"2024-08-09T11:31:43","modified_gmt":"2024-08-09T09:31:43","slug":"wspieranie-osob-starszych-w-kontynuowaniu-satysfakcjonujacej-kariery-zawodowej-i-dzieleniu-sie-wiedza","status":"publish","type":"page","link":"https:\/\/www.groupeliebot.fr\/pl\/nasze-zobowiazania\/wspieranie-osob-starszych-w-kontynuowaniu-satysfakcjonujacej-kariery-zawodowej-i-dzieleniu-sie-wiedza\/","title":{"rendered":"Wspieranie os\u00f3b starszych w kontynuowaniu satysfakcjonuj\u0105cej kariery zawodowej i dzieleniu si\u0119 wiedz\u0105"},"content":{"rendered":"","protected":false},"excerpt":{"rendered":"","protected":false},"author":1,"featured_media":0,"parent":2612,"menu_order":700,"comment_status":"closed","ping_status":"closed","template":"page-engagement.php","meta":{"_seopress_robots_primary_cat":"","footnotes":""},"class_list":["post-2662","page","type-page","status-publish","hentry"],"acf":[],"_links":{"self":[{"href":"https:\/\/www.groupeliebot.fr\/pl\/wp-json\/wp\/v2\/pages\/2662"}],"collection":[{"href":"https:\/\/www.groupeliebot.fr\/pl\/wp-json\/wp\/v2\/pages"}],"about":[{"href":"https:\/\/www.groupeliebot.fr\/pl\/wp-json\/wp\/v2\/types\/page"}],"author":[{"embeddable":true,"href":"https:\/\/www.groupeliebot.fr\/pl\/wp-json\/wp\/v2\/users\/1"}],"replies":[{"embeddable":true,"href":"https:\/\/www.groupeliebot.fr\/pl\/wp-json\/wp\/v2\/comments?post=2662"}],"version-history":[{"count":0,"href":"https:\/\/www.groupeliebot.fr\/pl\/wp-json\/wp\/v2\/pages\/2662\/revisions"}],"up":[{"embeddable":true,"href":"https:\/\/www.groupeliebot.fr\/pl\/wp-json\/wp\/v2\/pages\/2612"}],"wp:attachment":[{"href":"https:\/\/www.groupeliebot.fr\/pl\/wp-json\/wp\/v2\/media?parent=2662"}],"curies":[{"name":"wp","href":"https:\/\/api.w.org\/{rel}","templated":true}]}}