{"id":2534,"date":"2024-08-09T11:27:12","date_gmt":"2024-08-09T09:27:12","guid":{"rendered":"https:\/\/www.groupeliebot.fr\/wspieranie-szkolen-zawodowych-w-branzy-budowanie-akademii-liebot-dla-nas-i-naszych-klientow\/"},"modified":"2025-01-03T14:38:21","modified_gmt":"2025-01-03T13:38:21","slug":"wspieranie-szkolen-zawodowych-w-branzy-budowanie-akademii-liebot-dla-nas-i-naszych-klientow","status":"publish","type":"page","link":"https:\/\/www.groupeliebot.fr\/pl\/nasze-zobowiazania\/wspieranie-szkolen-zawodowych-w-branzy-budowanie-akademii-liebot-dla-nas-i-naszych-klientow\/","title":{"rendered":"Wspieranie szkole\u0144 zawodowych w bran\u017cy, budowanie Akademii Li\u00e9bot dla nas i naszych klient\u00f3w"},"content":{"rendered":"","protected":false},"excerpt":{"rendered":"","protected":false},"author":1,"featured_media":0,"parent":2612,"menu_order":800,"comment_status":"closed","ping_status":"closed","template":"page-engagement.php","meta":{"_seopress_robots_primary_cat":"","footnotes":""},"class_list":["post-2534","page","type-page","status-publish","hentry"],"acf":[],"_links":{"self":[{"href":"https:\/\/www.groupeliebot.fr\/pl\/wp-json\/wp\/v2\/pages\/2534"}],"collection":[{"href":"https:\/\/www.groupeliebot.fr\/pl\/wp-json\/wp\/v2\/pages"}],"about":[{"href":"https:\/\/www.groupeliebot.fr\/pl\/wp-json\/wp\/v2\/types\/page"}],"author":[{"embeddable":true,"href":"https:\/\/www.groupeliebot.fr\/pl\/wp-json\/wp\/v2\/users\/1"}],"replies":[{"embeddable":true,"href":"https:\/\/www.groupeliebot.fr\/pl\/wp-json\/wp\/v2\/comments?post=2534"}],"version-history":[{"count":1,"href":"https:\/\/www.groupeliebot.fr\/pl\/wp-json\/wp\/v2\/pages\/2534\/revisions"}],"predecessor-version":[{"id":2620,"href":"https:\/\/www.groupeliebot.fr\/pl\/wp-json\/wp\/v2\/pages\/2534\/revisions\/2620"}],"up":[{"embeddable":true,"href":"https:\/\/www.groupeliebot.fr\/pl\/wp-json\/wp\/v2\/pages\/2612"}],"wp:attachment":[{"href":"https:\/\/www.groupeliebot.fr\/pl\/wp-json\/wp\/v2\/media?parent=2534"}],"curies":[{"name":"wp","href":"https:\/\/api.w.org\/{rel}","templated":true}]}}