{"id":2513,"date":"2024-08-09T11:20:12","date_gmt":"2024-08-09T09:20:12","guid":{"rendered":"https:\/\/www.groupeliebot.fr\/oszczedzanie-energii-poprzez-dostarczanie-swiatla-wydajna-izolacje-oraz-automatyzacje-zaslon\/"},"modified":"2025-01-03T14:38:21","modified_gmt":"2025-01-03T13:38:21","slug":"oszczedzanie-energii-poprzez-dostarczanie-swiatla-wydajna-izolacje-oraz-automatyzacje-zaslon","status":"publish","type":"page","link":"https:\/\/www.groupeliebot.fr\/pl\/nasze-zobowiazania\/oszczedzanie-energii-poprzez-dostarczanie-swiatla-wydajna-izolacje-oraz-automatyzacje-zaslon\/","title":{"rendered":"Oszcz\u0119dzanie energii poprzez dostarczanie \u015bwiat\u0142a, wydajn\u0105 izolacj\u0119 oraz automatyzacj\u0119 zas\u0142on"},"content":{"rendered":"","protected":false},"excerpt":{"rendered":"","protected":false},"author":1,"featured_media":1779,"parent":2612,"menu_order":100,"comment_status":"closed","ping_status":"closed","template":"page-engagement.php","meta":{"_seopress_robots_primary_cat":"","footnotes":""},"class_list":["post-2513","page","type-page","status-publish","has-post-thumbnail","hentry"],"acf":[],"_links":{"self":[{"href":"https:\/\/www.groupeliebot.fr\/pl\/wp-json\/wp\/v2\/pages\/2513"}],"collection":[{"href":"https:\/\/www.groupeliebot.fr\/pl\/wp-json\/wp\/v2\/pages"}],"about":[{"href":"https:\/\/www.groupeliebot.fr\/pl\/wp-json\/wp\/v2\/types\/page"}],"author":[{"embeddable":true,"href":"https:\/\/www.groupeliebot.fr\/pl\/wp-json\/wp\/v2\/users\/1"}],"replies":[{"embeddable":true,"href":"https:\/\/www.groupeliebot.fr\/pl\/wp-json\/wp\/v2\/comments?post=2513"}],"version-history":[{"count":1,"href":"https:\/\/www.groupeliebot.fr\/pl\/wp-json\/wp\/v2\/pages\/2513\/revisions"}],"predecessor-version":[{"id":2615,"href":"https:\/\/www.groupeliebot.fr\/pl\/wp-json\/wp\/v2\/pages\/2513\/revisions\/2615"}],"up":[{"embeddable":true,"href":"https:\/\/www.groupeliebot.fr\/pl\/wp-json\/wp\/v2\/pages\/2612"}],"wp:featuredmedia":[{"embeddable":true,"href":"https:\/\/www.groupeliebot.fr\/pl\/wp-json\/wp\/v2\/media\/1779"}],"wp:attachment":[{"href":"https:\/\/www.groupeliebot.fr\/pl\/wp-json\/wp\/v2\/media?parent=2513"}],"curies":[{"name":"wp","href":"https:\/\/api.w.org\/{rel}","templated":true}]}}