{"id":2469,"date":"2024-07-22T12:10:06","date_gmt":"2024-07-22T10:10:06","guid":{"rendered":"https:\/\/www.groupeliebot.fr\/polityka-prywatnosci\/"},"modified":"2024-12-27T16:32:56","modified_gmt":"2024-12-27T15:32:56","slug":"polityka-prywatnosci","status":"publish","type":"page","link":"https:\/\/www.groupeliebot.fr\/pl\/polityka-prywatnosci\/","title":{"rendered":"Polityka prywatno\u015bci"},"content":{"rendered":"&#13;\n<h2 class=\"wp-block-heading\">Kim jeste\u015bmy?<\/h2>&#13;\n&#13;\n<p><strong class=\"privacy-policy-tutorial\">Sugerowany tekst: <\/strong>Adres naszej witryny to: https:\/\/groupeliebot.fr.<\/p>&#13;\n&#13;\n<h2 class=\"wp-block-heading\">Uwagi<\/h2>&#13;\n&#13;\n<p><strong class=\"privacy-policy-tutorial\">Sugerowany tekst: <\/strong>Kiedy u\u017cytkownik zamieszcza na naszej witrynie komentarz, dane wpisane w formularzu komentarza, a tak\u017ce adres IP i dane przegl\u0105darki u\u017cytkownika s\u0105 gromadzone, aby umo\u017cliwi\u0107 nam wykrywanie niechcianych komentarzy.<\/p>&#13;\n&#13;\n<p>Anonimowy ci\u0105g znak\u00f3w utworzony na podstawie adresu e-mail u\u017cytkownika (nazywany r\u00f3wnie\u017c hash) mo\u017ce zosta\u0107 przes\u0142any do us\u0142ugi Gravatar w celu sprawdzenia, czy u\u017cytkownik z niego korzysta. Zasady ochrony prywatno\u015bci us\u0142ugi Gravatar s\u0105 dost\u0119pne tutaj: https:\/\/automattic.com\/privacy\/. Po zatwierdzeniu komentarza, obok wpisu widoczne b\u0119dzie publicznie zdj\u0119cie profilowe u\u017cytkownika.<\/p>&#13;\n&#13;\n<h2 class=\"wp-block-heading\">Media<\/h2>&#13;\n&#13;\n<p><strong class=\"privacy-policy-tutorial\">Sugerowany tekst: <\/strong>Je\u015bli u\u017cytkownik przesy\u0142a obrazy na witryn\u0119, radzimy unika\u0107 przesy\u0142ania obraz\u00f3w, kt\u00f3re zawieraj\u0105 dane EXIF lub wsp\u00f3\u0142rz\u0119dne GPS. Osoby odwiedzaj\u0105ce witryn\u0119 mog\u0105 pobiera\u0107 te obrazy i wyodr\u0119bnia\u0107 z nich dane o lokalizacji.<\/p>&#13;\n&#13;\n<h2 class=\"wp-block-heading\">Pliki cookie<\/h2>&#13;\n&#13;\n<p><strong class=\"privacy-policy-tutorial\">Sugerowany tekst: <\/strong>Je\u015bli u\u017cytkownik zamie\u015bci na naszej witrynie komentarz, otrzyma mo\u017cliwo\u015b\u0107 zapisania swojego imienia i nazwiska, adresu e-mail i witryny w plikach cookie. Ma to na celu u\u0142atwienie obs\u0142ugi witryny i unikni\u0119cie potrzeby ponownego wprowadzenia tych informacji przy zamieszczeniu kolejnego komentarza. Te pliki cookie wygasaj\u0105 po up\u0142ywie roku.<\/p>&#13;\n&#13;\n<p>Je\u015bli u\u017cytkownik odwiedzi stron\u0119 logowania, zostanie utworzony tymczasowy plik cookie, aby sprawdzi\u0107, czy przegl\u0105darka u\u017cytkownika akceptuje pliki cookie. Plik ten nie zawiera danych osobowych i zostanie automatycznie usuni\u0119ty po zamkni\u0119ciu przegl\u0105darki.<\/p>&#13;\n&#13;\n<p>Po zalogowaniu si\u0119 utworzymy kilka plik\u00f3w cookie, aby zapisa\u0107 informacje logowania u\u017cytkownika oraz preferencje dotycz\u0105ce parametr\u00f3w ekranu. Plik cookie logowania ma okres wa\u017cno\u015bci dw\u00f3ch dni, natomiast cookie ustawie\u0144 ekranu wa\u017cny jest przez rok. Je\u015bli u\u017cytkownik zaznaczy opcj\u0119 \u201eZapami\u0119taj mnie\u201d, plik cookie logowania b\u0119dzie przechowywany przez dwa tygodnie. Po wylogowaniu z konta plik cookie logowania zostanie usuni\u0119ty.<\/p>&#13;\n&#13;\n<p>Podczas edytowania lub publikowania tre\u015bci w przegl\u0105darce zostanie zapisany dodatkowy plik cookie. Ten plik cookie nie zawiera \u017cadnych danych osobowych. Wskazuje jedynie identyfikator (ID) publikacji, kt\u00f3r\u0105 u\u017cytkownik w\u0142a\u015bnie edytowa\u0142. Wygasa po jednym dniu.<\/p>&#13;\n&#13;\n<h2 class=\"wp-block-heading\">Tre\u015bci osadzone z innych witryn<\/h2>&#13;\n&#13;\n<p><strong class=\"privacy-policy-tutorial\">Sugerowany tekst: <\/strong>Artyku\u0142y na tej witrynie mog\u0105 zawiera\u0107 tre\u015bci osadzone (na przyk\u0142ad wideo, obrazy, artyku\u0142y itp.). Tre\u015bci osadzone z innych witryn zachowuj\u0105 si\u0119 tak samo, jakby u\u017cytkownik odwiedza\u0142 bezpo\u015brednio tak\u0105 witryn\u0119.<\/p>&#13;\n&#13;\n<p>Te witryny mog\u0105 gromadzi\u0107 dane o u\u017cytkowniku, u\u017cywa\u0107 plik\u00f3w cookie, osadza\u0107 narz\u0119dzia \u015bledz\u0105ce stron trzecich oraz \u015bledzi\u0107 interakcje u\u017cytkownika z tymi osadzonymi tre\u015bciami, je\u015bli u\u017cytkownik posiada konto na takiej witrynie i jest na nim zalogowany.<\/p>&#13;\n&#13;\n<h2 class=\"wp-block-heading\">Wykorzystanie i przekazywanie danych osobowych u\u017cytkownika<\/h2>&#13;\n&#13;\n<p><strong class=\"privacy-policy-tutorial\">Sugerowany tekst: <\/strong>Je\u015bli u\u017cytkownik poprosi o zresetowanie has\u0142a, jego adres IP zostanie uwzgl\u0119dniony w e-mailu resetuj\u0105cym.<\/p>&#13;\n&#13;\n<h2 class=\"wp-block-heading\">Okresy przechowywania danych<\/h2>&#13;\n&#13;\n<p><strong class=\"privacy-policy-tutorial\">Sugerowany tekst: <\/strong>Je\u015bli u\u017cytkownik zamie\u015bci komentarz, tre\u015b\u0107 komentarza oraz metadane b\u0119d\u0105 przechowywane bezterminowo. Umo\u017cliwia to automatyczne rozpoznawanie i zatwierdzanie kolejnych komentarzy bez konieczno\u015bci przesy\u0142ania ich do kolejki moderacji.<\/p>&#13;\n&#13;\n<p>W przypadku kont zarejestrowanych na naszej witrynie (je\u015bli dotyczy), przechowujemy r\u00f3wnie\u017c dane osobowe podane w ich profilach. Ka\u017cdy u\u017cytkownik posiadaj\u0105cy konto mo\u017ce w dowolnym momencie przegl\u0105da\u0107, modyfikowa\u0107 lub usuwa\u0107 swoje dane osobowe (z wyj\u0105tkiem identyfikatora konta). Administratorzy strony r\u00f3wnie\u017c maj\u0105 mo\u017cliwo\u015b\u0107 przegl\u0105dania i edytowania tych informacji.<\/p>&#13;\n&#13;\n<h2 class=\"wp-block-heading\">Prawa u\u017cytkownika dotycz\u0105ce danych osobowych<\/h2>&#13;\n&#13;\n<p><strong class=\"privacy-policy-tutorial\">Sugerowany tekst: <\/strong>Je\u015bli u\u017cytkownik posiada konto lub zamie\u015bci\u0142 na witrynie komentarze, mo\u017ce poprosi\u0107 o przes\u0142anie pliku zawieraj\u0105cego wszystkie dane osobowe, kt\u00f3re posiadamy na jego temat, w tym dane dostarczone przez u\u017cytkownika. U\u017cytkownik mo\u017ce r\u00f3wnie\u017c za\u017c\u0105da\u0107 usuni\u0119cia swoich danych osobowych. Nie dotyczy to danych przechowywanych w celach administracyjnych, prawnych lub zwi\u0105zanych z bezpiecze\u0144stwem.<\/p>&#13;\n&#13;\n<h2 class=\"wp-block-heading\">Dok\u0105d wysy\u0142ane s\u0105 dane u\u017cytkownika<\/h2>&#13;\n&#13;\n<p><strong class=\"privacy-policy-tutorial\">Sugerowany tekst: <\/strong>Komentarze odwiedzaj\u0105cych mog\u0105 by\u0107 sprawdzane za pomoc\u0105 automatycznej us\u0142ugi wykrywania niechcianych komentarzy.<\/p>&#13;\n","protected":false},"excerpt":{"rendered":"<p>&#13; Kim jeste\u015bmy? &#13; &#13; Sugerowany tekst: Adres naszej witryny to: https:\/\/groupeliebot.fr. &#13; &#13; Uwagi &#13; &#13; Sugerowany tekst: Kiedy u\u017cytkownik zamieszcza na naszej witrynie komentarz, dane wpisane w formularzu komentarza, a tak\u017ce adres IP i dane przegl\u0105darki u\u017cytkownika s\u0105 gromadzone, aby umo\u017cliwi\u0107 nam wykrywanie niechcianych komentarzy. &#13; &#13; Anonimowy ci\u0105g znak\u00f3w utworzony na podstawie [&hellip;]<\/p>\n","protected":false},"author":1,"featured_media":0,"parent":0,"menu_order":2000,"comment_status":"closed","ping_status":"closed","template":"","meta":{"_seopress_robots_primary_cat":"","footnotes":""},"class_list":["post-2469","page","type-page","status-publish","hentry"],"acf":[],"_links":{"self":[{"href":"https:\/\/www.groupeliebot.fr\/pl\/wp-json\/wp\/v2\/pages\/2469"}],"collection":[{"href":"https:\/\/www.groupeliebot.fr\/pl\/wp-json\/wp\/v2\/pages"}],"about":[{"href":"https:\/\/www.groupeliebot.fr\/pl\/wp-json\/wp\/v2\/types\/page"}],"author":[{"embeddable":true,"href":"https:\/\/www.groupeliebot.fr\/pl\/wp-json\/wp\/v2\/users\/1"}],"replies":[{"embeddable":true,"href":"https:\/\/www.groupeliebot.fr\/pl\/wp-json\/wp\/v2\/comments?post=2469"}],"version-history":[{"count":1,"href":"https:\/\/www.groupeliebot.fr\/pl\/wp-json\/wp\/v2\/pages\/2469\/revisions"}],"predecessor-version":[{"id":2473,"href":"https:\/\/www.groupeliebot.fr\/pl\/wp-json\/wp\/v2\/pages\/2469\/revisions\/2473"}],"wp:attachment":[{"href":"https:\/\/www.groupeliebot.fr\/pl\/wp-json\/wp\/v2\/media?parent=2469"}],"curies":[{"name":"wp","href":"https:\/\/api.w.org\/{rel}","templated":true}]}}