{"id":2461,"date":"2024-07-22T12:10:06","date_gmt":"2024-07-22T10:10:06","guid":{"rendered":"https:\/\/www.groupeliebot.fr\/informativa-sulla-privacy\/"},"modified":"2024-12-27T16:32:56","modified_gmt":"2024-12-27T15:32:56","slug":"informativa-sulla-privacy","status":"publish","type":"page","link":"https:\/\/www.groupeliebot.fr\/it\/informativa-sulla-privacy\/","title":{"rendered":"Informativa sulla privacy"},"content":{"rendered":"&#13;\n<h2 class=\"wp-block-heading\">Chi siamo?<\/h2>&#13;\n&#13;\n<p><strong class=\"privacy-policy-tutorial\">Testo suggerito: <\/strong>L&#8217;indirizzo del nostro sito \u00e8: https:\/\/groupeliebot.fr.<\/p>&#13;\n&#13;\n<h2 class=\"wp-block-heading\">Commenti<\/h2>&#13;\n&#13;\n<p><strong class=\"privacy-policy-tutorial\">Testo suggerito: <\/strong>Quando lasci un commento sul nostro sito, i dati inseriti nel modulo dei commenti, nonch\u00e9 il tuo indirizzo IP e lo user agent del tuo browser, vengono raccolti per aiutarci a rilevare i commenti indesiderati.<\/p>&#13;\n&#13;\n<p>Una stringa anonima creata dal tuo indirizzo email (chiamata anche hash) pu\u00f2 essere inviata al servizio Gravatar per verificare se lo stai utilizzando. Le disposizioni sulla riservatezza del servizio Gravatar sono disponibili qui: https:\/\/automattic.com\/privacy\/. Dopo la convalida del tuo commento, la foto del tuo profilo sar\u00e0 visibile pubblicamente accanto al tuo commento.<\/p>&#13;\n&#13;\n<h2 class=\"wp-block-heading\">Media<\/h2>&#13;\n&#13;\n<p><strong class=\"privacy-policy-tutorial\">Testo suggerito: <\/strong>Se carichi immagini sul sito, ti consigliamo di evitare di utilizzare immagini contenenti dati EXIF di coordinate GPS. Le persone che visitano il tuo sito possono scaricare ed estrarre dati di localizzazione da queste immagini.<\/p>&#13;\n&#13;\n<h2 class=\"wp-block-heading\">Cookie<\/h2>&#13;\n&#13;\n<p><strong class=\"privacy-policy-tutorial\">Testo suggerito: <\/strong>Se lasci un commento sul nostro sito, ti verr\u00e0 chiesto di salvare il tuo nome, indirizzo email e sito web nei cookie. L&#8217;obiettivo \u00e8 solo di offrirti maggiore comodit\u00e0, in modo che tu non debba inserire le stesse informazioni se lascerai un altro commento in un secondo momento. Questi cookie scadono dopo un anno.<\/p>&#13;\n&#13;\n<p>Se vai alla pagina di accesso, verr\u00e0 creato un cookie temporaneo per determinare se il tuo browser accetta i cookie. Questo non contiene dati personali e verr\u00e0 cancellato automaticamente alla chiusura del browser.<\/p>&#13;\n&#13;\n<p>Quando accedi, imposteremo una serie di cookie per salvare le tue informazioni di accesso e le preferenze dello schermo. La durata di un cookie di connessione \u00e8 di due giorni, quella di un cookie di opzione dello schermo \u00e8 di un anno. Se selezioni \u201cRicordami\u201d, il tuo cookie di accesso verr\u00e0 conservato per due settimane. Se esci dal tuo account, il cookie di accesso verr\u00e0 eliminato.<\/p>&#13;\n&#13;\n<p>Se modifichi o pubblichi un post, un cookie aggiuntivo verr\u00e0 memorizzato nel tuo browser. Questo cookie non include alcun dato personale. Mostra semplicemente l&#8217;ID del post che hai appena modificato. Scade dopo un giorno.<\/p>&#13;\n&#13;\n<h2 class=\"wp-block-heading\">Contenuti incorporati da altri siti<\/h2>&#13;\n&#13;\n<p><strong class=\"privacy-policy-tutorial\">Testo suggerito:<\/strong> Gli articoli su questo sito possono includere contenuti integrati (ad esempio video, immagini, articoli e cos\u00ec via). Il contenuto incorporato da altri siti si comporta come se il visitatore si recasse sull&#8217;altro sito in questione.<\/p>&#13;\n&#13;\n<p>Questi siti Web potrebbero raccogliere dati su di te, utilizzare cookie, incorporare strumenti di tracciamento di terze parti e tracciare le tue interazioni con il contenuto incorporato, se disponi di un account collegato al loro sito web.<\/p>&#13;\n&#13;\n<h2 class=\"wp-block-heading\">Utilizzo e trasmissione dei tuoi dati personali<\/h2>&#13;\n&#13;\n<p><strong class=\"privacy-policy-tutorial\">Testo suggerito: <\/strong>Se richiedi la reimpostazione della password, il tuo indirizzo IP verr\u00e0 incluso nell&#8217;email di reimpostazione.<\/p>&#13;\n&#13;\n<h2 class=\"wp-block-heading\">Tempi di conservazione dei tuoi dati<\/h2>&#13;\n&#13;\n<p><strong class=\"privacy-policy-tutorial\">Testo suggerito:<\/strong> Se lasci un commento, quest&#8217;ultimo e i relativi metadati verranno conservati per un tempo indefinito. Ci\u00f2 consente ai commenti successivi di essere riconosciuti e approvati automaticamente invece di restare nella coda di moderazione.<\/p>&#13;\n&#13;\n<p>Per gli account che si registrano sul nostro sito (se del caso), memorizziamo anche i dati personali indicati nel loro profilo. Tutti gli account possono visualizzare, modificare o eliminare le proprie informazioni personali in qualsiasi momento (eccetto il nome utente). I gestori del sito possono visualizzare e modificare tali informazioni.<\/p>&#13;\n&#13;\n<h2 class=\"wp-block-heading\">I diritti che hai sui tuoi dati<\/h2>&#13;\n&#13;\n<p><strong class=\"privacy-policy-tutorial\">Testo suggerito: <\/strong>Se hai un account o se hai lasciato commenti sul sito, puoi richiedere di ricevere un file contenente tutti i dati personali che abbiamo su di te, compresi quelli che ci hai fornito. Puoi anche richiedere la cancellazione dei dati personali che ti riguardano. Sono esclusi i dati archiviati a fini amministrativi, legali o di sicurezza.<\/p>&#13;\n&#13;\n<h2 class=\"wp-block-heading\">Dove vengono inviati i tuoi dati<\/h2>&#13;\n&#13;\n<p><strong class=\"privacy-policy-tutorial\">Testo suggerito: <\/strong>I commenti dei visitatori possono essere controllati utilizzando un servizio di rilevamento automatico dei commenti indesiderati.<\/p>&#13;\n","protected":false},"excerpt":{"rendered":"<p>&#13; Chi siamo? &#13; &#13; Testo suggerito: L&#8217;indirizzo del nostro sito \u00e8: https:\/\/groupeliebot.fr. &#13; &#13; Commenti &#13; &#13; Testo suggerito: Quando lasci un commento sul nostro sito, i dati inseriti nel modulo dei commenti, nonch\u00e9 il tuo indirizzo IP e lo user agent del tuo browser, vengono raccolti per aiutarci a rilevare i commenti indesiderati. [&hellip;]<\/p>\n","protected":false},"author":1,"featured_media":0,"parent":0,"menu_order":2000,"comment_status":"closed","ping_status":"closed","template":"","meta":{"_seopress_robots_primary_cat":"","footnotes":""},"class_list":["post-2461","page","type-page","status-publish","hentry"],"acf":[],"_links":{"self":[{"href":"https:\/\/www.groupeliebot.fr\/it\/wp-json\/wp\/v2\/pages\/2461"}],"collection":[{"href":"https:\/\/www.groupeliebot.fr\/it\/wp-json\/wp\/v2\/pages"}],"about":[{"href":"https:\/\/www.groupeliebot.fr\/it\/wp-json\/wp\/v2\/types\/page"}],"author":[{"embeddable":true,"href":"https:\/\/www.groupeliebot.fr\/it\/wp-json\/wp\/v2\/users\/1"}],"replies":[{"embeddable":true,"href":"https:\/\/www.groupeliebot.fr\/it\/wp-json\/wp\/v2\/comments?post=2461"}],"version-history":[{"count":1,"href":"https:\/\/www.groupeliebot.fr\/it\/wp-json\/wp\/v2\/pages\/2461\/revisions"}],"predecessor-version":[{"id":2466,"href":"https:\/\/www.groupeliebot.fr\/it\/wp-json\/wp\/v2\/pages\/2461\/revisions\/2466"}],"wp:attachment":[{"href":"https:\/\/www.groupeliebot.fr\/it\/wp-json\/wp\/v2\/media?parent=2461"}],"curies":[{"name":"wp","href":"https:\/\/api.w.org\/{rel}","templated":true}]}}