{"id":2688,"date":"2024-08-09T11:36:02","date_gmt":"2024-08-09T09:36:02","guid":{"rendered":"https:\/\/www.groupeliebot.fr\/nuestros-compromisos\/fomentamos-el-empleo-local-priorizando-las-asociaciones-locales-mas-alla-de-nuestra-propia-contratacion\/"},"modified":"2024-08-09T11:36:02","modified_gmt":"2024-08-09T09:36:02","slug":"fomentamos-el-empleo-local-priorizando-las-asociaciones-locales-mas-alla-de-nuestra-propia-contratacion","status":"publish","type":"page","link":"https:\/\/www.groupeliebot.fr\/es\/nuestros-compromisos\/fomentamos-el-empleo-local-priorizando-las-asociaciones-locales-mas-alla-de-nuestra-propia-contratacion\/","title":{"rendered":"Fomentamos el empleo local priorizando las asociaciones locales, m\u00e1s all\u00e1 de nuestra propia contrataci\u00f3n"},"content":{"rendered":"","protected":false},"excerpt":{"rendered":"","protected":false},"author":1,"featured_media":0,"parent":2630,"menu_order":1400,"comment_status":"closed","ping_status":"closed","template":"page-engagement.php","meta":{"_seopress_robots_primary_cat":"","footnotes":""},"class_list":["post-2688","page","type-page","status-publish","hentry"],"acf":[],"_links":{"self":[{"href":"https:\/\/www.groupeliebot.fr\/es\/wp-json\/wp\/v2\/pages\/2688"}],"collection":[{"href":"https:\/\/www.groupeliebot.fr\/es\/wp-json\/wp\/v2\/pages"}],"about":[{"href":"https:\/\/www.groupeliebot.fr\/es\/wp-json\/wp\/v2\/types\/page"}],"author":[{"embeddable":true,"href":"https:\/\/www.groupeliebot.fr\/es\/wp-json\/wp\/v2\/users\/1"}],"replies":[{"embeddable":true,"href":"https:\/\/www.groupeliebot.fr\/es\/wp-json\/wp\/v2\/comments?post=2688"}],"version-history":[{"count":0,"href":"https:\/\/www.groupeliebot.fr\/es\/wp-json\/wp\/v2\/pages\/2688\/revisions"}],"up":[{"embeddable":true,"href":"https:\/\/www.groupeliebot.fr\/es\/wp-json\/wp\/v2\/pages\/2630"}],"wp:attachment":[{"href":"https:\/\/www.groupeliebot.fr\/es\/wp-json\/wp\/v2\/media?parent=2688"}],"curies":[{"name":"wp","href":"https:\/\/api.w.org\/{rel}","templated":true}]}}