{"id":2437,"date":"2024-07-22T12:10:06","date_gmt":"2024-07-22T10:10:06","guid":{"rendered":"https:\/\/www.groupeliebot.fr\/politica-de-privacidad\/"},"modified":"2024-12-27T16:32:58","modified_gmt":"2024-12-27T15:32:58","slug":"politica-de-privacidad","status":"publish","type":"page","link":"https:\/\/www.groupeliebot.fr\/es\/politica-de-privacidad\/","title":{"rendered":"Pol\u00edtica de privacidad"},"content":{"rendered":"&#13;\n<h2 class=\"wp-block-heading\">\u00bfQui\u00e9nes somos?<\/h2>&#13;\n&#13;\n<p><strong class=\"privacy-policy-tutorial\">Sugerencia de texto: <\/strong>La URL de nuestra web es https:\/\/groupeliebot.fr.<\/p>&#13;\n&#13;\n<h2 class=\"wp-block-heading\">Comentarios<\/h2>&#13;\n&#13;\n<p><strong class=\"privacy-policy-tutorial\">Sugerencia de texto: <\/strong>Cuando deja un comentario en nuestro sitio, se recopilan los datos ingresados en el formulario, junto con su direcci\u00f3n IP y el agente de usuario de su navegador, para ayudarnos a detectar comentarios no deseados.<\/p>&#13;\n&#13;\n<p>Se puede generar una cadena anonimizada (o \u00abhash\u00bb) a partir de su direcci\u00f3n de correo electr\u00f3nico y enviarse al servicio Gravatar para comprobar si lo utiliza. Las pol\u00edticas de privacidad del servicio Gravatar est\u00e1n disponibles en la p\u00e1gina https:\/\/automattic.com\/privacy\/. Una vez aprobado su comentario, su foto de perfil ser\u00e1 visible p\u00fablicamente junto al mismo.<\/p>&#13;\n&#13;\n<h2 class=\"wp-block-heading\">Medios<\/h2>&#13;\n&#13;\n<p><strong class=\"privacy-policy-tutorial\">Sugerencia de texto: <\/strong>Si sube im\u00e1genes a la p\u00e1gina, le recomendamos que no contengan datos EXIF con coordenadas GPS. Las personas que visiten su p\u00e1gina web podr\u00edan descargar y extraer datos de ubicaci\u00f3n a partir de esas im\u00e1genes.<\/p>&#13;\n&#13;\n<h2 class=\"wp-block-heading\">\u00abCookies\u00bb<\/h2>&#13;\n&#13;\n<p><strong class=\"privacy-policy-tutorial\">Sugerencia de texto: <\/strong>Si deja un comentario en nuestro sitio web, se le ofrecer\u00e1 guardar su nombre, direcci\u00f3n de correo electr\u00f3nico y la URL de su p\u00e1gina web en \u00abcookies\u00bb para que no tenga que volver a ingresar esta informaci\u00f3n si deja otro comentario m\u00e1s adelante. Estas \u00abcookies\u00bb caducan al cabo de un a\u00f1o.<\/p>&#13;\n&#13;\n<p>Si accede a la p\u00e1gina de inicio de sesi\u00f3n, se crear\u00e1 una \u00abcookie\u00bb temporal para determinar si su navegador acepta las \u00abcookies\u00bb. Dicha \u00abcookie\u00bb no contiene datos personales y se eliminar\u00e1 autom\u00e1ticamente cuando cierre el navegador.<\/p>&#13;\n&#13;\n<p>Cuando inicie sesi\u00f3n, estableceremos una serie de \u00abcookies\u00bb para guardar sus datos de acceso y su configuraci\u00f3n de pantalla. La vida \u00fatil de una \u00abcookie\u00bb de inicio de sesi\u00f3n es de dos d\u00edas, mientras que la de una \u00abcookie\u00bb de configuraci\u00f3n de pantalla es de un a\u00f1o. Si marca la opci\u00f3n \u00abRecordarme\u00bb, su \u00abcookie\u00bb de inicio de sesi\u00f3n se conservar\u00e1 durante dos semanas. Si cierra la sesi\u00f3n de su cuenta, la \u00abcookie\u00bb de inicio de sesi\u00f3n se eliminar\u00e1.<\/p>&#13;\n&#13;\n<p>Al modificar o hacer una publicaci\u00f3n, se almacenar\u00e1 una \u00abcookie\u00bb adicional en su navegador. Dicha \u00abcookie\u00bb no contiene ning\u00fan dato personal, simplemente indica el ID de la publicaci\u00f3n que acaba de modificar y caduca al cabo de un d\u00eda.<\/p>&#13;\n&#13;\n<h2 class=\"wp-block-heading\">Contenido integrado desde otros sitios<\/h2>&#13;\n&#13;\n<p><strong class=\"privacy-policy-tutorial\">Sugerencia de texto: <\/strong>Los art\u00edculos de este sitio pueden incluir contenido incrustado (por ejemplo, videos, im\u00e1genes y art\u00edculos). El contenido incrustado desde otro sitio web se comporta de la misma manera que si el visitante accediera directamente a ese sitio.<\/p>&#13;\n&#13;\n<p>Estos sitios web podr\u00edan recopilar datos sobre usted, usar \u00abcookies\u00bb, integrar herramientas de seguimiento de terceros y rastrear sus interacciones con el contenido incrustado si ha iniciado sesi\u00f3n con su cuenta en ellos.<\/p>&#13;\n&#13;\n<h2 class=\"wp-block-heading\">Uso y transmisi\u00f3n de sus datos personales<\/h2>&#13;\n&#13;\n<p><strong class=\"privacy-policy-tutorial\">Sugerencia de texto: <\/strong>Si solicita el restablecimiento de su contrase\u00f1a, su direcci\u00f3n IP se incluir\u00e1 en el correo electr\u00f3nico de restablecimiento.<\/p>&#13;\n&#13;\n<h2 class=\"wp-block-heading\">Tiempo de almacenamiento de sus datos<\/h2>&#13;\n&#13;\n<p><strong class=\"privacy-policy-tutorial\">Sugerencia de texto: <\/strong>Si deja un comentario, el comentario y sus metadatos se conservar\u00e1n indefinidamente, lo que permite reconocer y aprobar autom\u00e1ticamente sus comentarios posteriores en lugar de dejarlos en la cola de moderaci\u00f3n.<\/p>&#13;\n&#13;\n<p>En el caso de las cuentas que se registran en nuestro sitio web (si procede), tambi\u00e9n almacenamos los datos personales indicados en su perfil. Los usuarios pueden ver, modificar o eliminar la informaci\u00f3n personal de sus cuentas en cualquier momento (excepto su identificador). Los administradores del sitio web tambi\u00e9n pueden ver y modificar esta informaci\u00f3n.<\/p>&#13;\n&#13;\n<h2 class=\"wp-block-heading\">Los derechos que tiene sobre sus datos<\/h2>&#13;\n&#13;\n<p><strong class=\"privacy-policy-tutorial\">Sugerencia de texto: <\/strong>Si tiene una cuenta o ha dejado comentarios en el sitio, puede solicitar recibir un archivo con todos los datos personales que poseemos sobre usted, incluidos los que nos ha proporcionado. Asimismo, puede solicitar la eliminaci\u00f3n de los datos personales que tenemos sobre usted, excepto los datos almacenados con fines administrativos, legales o por razones de seguridad.<\/p>&#13;\n&#13;\n<h2 class=\"wp-block-heading\">D\u00f3nde se env\u00edan sus datos<\/h2>&#13;\n&#13;\n<p><strong class=\"privacy-policy-tutorial\">Sugerencia de texto:<\/strong> Verificamos los comentarios de los visitantes mediante un servicio automatizado para detectar comentarios no deseados.<\/p>&#13;\n","protected":false},"excerpt":{"rendered":"<p>&#13; \u00bfQui\u00e9nes somos? &#13; &#13; Sugerencia de texto: La URL de nuestra web es https:\/\/groupeliebot.fr. &#13; &#13; Comentarios &#13; &#13; Sugerencia de texto: Cuando deja un comentario en nuestro sitio, se recopilan los datos ingresados en el formulario, junto con su direcci\u00f3n IP y el agente de usuario de su navegador, para ayudarnos a detectar [&hellip;]<\/p>\n","protected":false},"author":1,"featured_media":0,"parent":0,"menu_order":2000,"comment_status":"closed","ping_status":"closed","template":"","meta":{"_seopress_robots_primary_cat":"","footnotes":""},"class_list":["post-2437","page","type-page","status-publish","hentry"],"acf":[],"_links":{"self":[{"href":"https:\/\/www.groupeliebot.fr\/es\/wp-json\/wp\/v2\/pages\/2437"}],"collection":[{"href":"https:\/\/www.groupeliebot.fr\/es\/wp-json\/wp\/v2\/pages"}],"about":[{"href":"https:\/\/www.groupeliebot.fr\/es\/wp-json\/wp\/v2\/types\/page"}],"author":[{"embeddable":true,"href":"https:\/\/www.groupeliebot.fr\/es\/wp-json\/wp\/v2\/users\/1"}],"replies":[{"embeddable":true,"href":"https:\/\/www.groupeliebot.fr\/es\/wp-json\/wp\/v2\/comments?post=2437"}],"version-history":[{"count":1,"href":"https:\/\/www.groupeliebot.fr\/es\/wp-json\/wp\/v2\/pages\/2437\/revisions"}],"predecessor-version":[{"id":2440,"href":"https:\/\/www.groupeliebot.fr\/es\/wp-json\/wp\/v2\/pages\/2437\/revisions\/2440"}],"wp:attachment":[{"href":"https:\/\/www.groupeliebot.fr\/es\/wp-json\/wp\/v2\/media?parent=2437"}],"curies":[{"name":"wp","href":"https:\/\/api.w.org\/{rel}","templated":true}]}}