{"id":2454,"date":"2024-07-22T12:10:06","date_gmt":"2024-07-22T10:10:06","guid":{"rendered":"https:\/\/www.groupeliebot.fr\/datenschutzrichtlinie\/"},"modified":"2024-12-27T16:32:56","modified_gmt":"2024-12-27T15:32:56","slug":"datenschutzrichtlinie","status":"publish","type":"page","link":"https:\/\/www.groupeliebot.fr\/de\/datenschutzrichtlinie\/","title":{"rendered":"Datenschutzrichtlinie"},"content":{"rendered":"&#13;\n<h2 class=\"wp-block-heading\">Wer sind wir?<\/h2>&#13;\n&#13;\n<p><strong class=\"privacy-policy-tutorial\">Textvorschlag: <\/strong>Die Adresse unserer Website lautet: https:\/\/groupeliebot.fr.<\/p>&#13;\n&#13;\n<h2 class=\"wp-block-heading\">Kommentare<\/h2>&#13;\n&#13;\n<p><strong class=\"privacy-policy-tutorial\">Textvorschlag: <\/strong>Wenn Sie einen Kommentar auf unserer Website hinterlassen, werden die in das Kommentarformular eingetragenen Daten sowie Ihre IP-Adresse und der User Agent Ihres Browsers gesammelt, um uns bei der Erkennung unerw\u00fcnschter Kommentare zu helfen.<\/p>&#13;\n&#13;\n<p>Eine aus Ihrer E-Mail-Adresse erstellte anonymisierte Zeichenfolge (auch Hash genannt) kann an den Gravatar-Dienst gesendet werden, um zu \u00fcberpr\u00fcfen, ob Sie diesen nutzen. Die Datenschutzbestimmungen des Gravatar-Dienstes finden Sie hier: https:\/\/automattic.com\/privacy\/. Nachdem Ihr Kommentar freigeschaltet wurde, wird Ihr Profilbild neben Ihrem Kommentar \u00f6ffentlich sichtbar sein.<\/p>&#13;\n&#13;\n<h2 class=\"wp-block-heading\">Medien<\/h2>&#13;\n&#13;\n<p><strong class=\"privacy-policy-tutorial\">Textvorschlag: <\/strong>Wenn Sie Bilder auf die Website hochladen, empfehlen wir Ihnen, keine Bilder hochzuladen, die EXIF-Daten von GPS-Koordinaten enthalten. Personen, die Ihre Website besuchen, k\u00f6nnen Standortdaten aus diesen Bildern herunterladen und extrahieren.<\/p>&#13;\n&#13;\n<h2 class=\"wp-block-heading\">Cookies<\/h2>&#13;\n&#13;\n<p><strong class=\"privacy-policy-tutorial\">Textvorschlag: <\/strong>Wenn Sie einen Kommentar auf unserer Website abgeben, werden Sie gefragt, ob Sie Ihren Namen, Ihre E-Mail-Adresse und Ihren Standort in Cookies speichern m\u00f6chten. Dies dient lediglich Ihrer Bequemlichkeit, damit Sie diese Informationen nicht eingeben m\u00fcssen, wenn Sie sp\u00e4ter einen weiteren Kommentar abgeben. Diese Cookies laufen nach einem Jahr ab.<\/p>&#13;\n&#13;\n<p>Wenn Sie die Anmeldeseite aufrufen, wird ein tempor\u00e4res Cookie erstellt, um festzustellen, ob Ihr Browser Cookies akzeptiert. Sie enth\u00e4lt keine pers\u00f6nlichen Daten und wird automatisch gel\u00f6scht, wenn Sie Ihren Browser schlie\u00dfen.<\/p>&#13;\n&#13;\n<p>Wenn Sie sich anmelden, setzen wir eine Reihe von Cookies ein, um Ihre Anmeldeinformationen und Bildschirmeinstellungen zu speichern. Die Lebensdauer eines Anmelde-Cookies betr\u00e4gt zwei Tage, die eines Bildschirmoptions-Cookies ein Jahr. Wenn Sie \u201eAn mich erinnern\u201c ankreuzen, wird Ihr Anmelde-Cookie zwei Wochen lang gespeichert. Wenn Sie sich von Ihrem Konto abmelden, wird das Anmelde-Cookie gel\u00f6scht.<\/p>&#13;\n&#13;\n<p>Wenn Sie einen Beitrag bearbeiten oder ver\u00f6ffentlichen, wird ein zus\u00e4tzliches Cookie in Ihrem Browser gespeichert. Dieses Cookie enth\u00e4lt keine personenbezogenen Daten. Er gibt lediglich die ID des Beitrags an, den Sie gerade bearbeitet haben. Er l\u00e4uft nach einem Tag ab.<\/p>&#13;\n&#13;\n<h2 class=\"wp-block-heading\">Von anderen Seiten eingebettete Inhalte<\/h2>&#13;\n&#13;\n<p><strong class=\"privacy-policy-tutorial\">Textvorschlag: <\/strong>Die Artikel auf dieser Website k\u00f6nnen eingebettete Inhalte enthalten (z. B. Videos, Bilder, Artikel &#8230;). Inhalte, die von anderen Websites eingebunden werden, verhalten sich so, als w\u00fcrde der Besucher diese andere Website besuchen.<\/p>&#13;\n&#13;\n<p>Diese Websites k\u00f6nnten Daten \u00fcber Sie sammeln, Cookies verwenden, Tracking-Tools von Drittanbietern einbetten und Ihre Interaktionen mit diesen eingebetteten Inhalten verfolgen, wenn Sie ein angemeldetes Konto auf ihrer Website haben.<\/p>&#13;\n&#13;\n<h2 class=\"wp-block-heading\">Verwendung und Weitergabe Ihrer pers\u00f6nlichen Daten<\/h2>&#13;\n&#13;\n<p><strong class=\"privacy-policy-tutorial\">Textvorschlag: <\/strong>Wenn Sie eine Zur\u00fccksetzung Ihres Passworts anfordern, wird Ihre IP-Adresse in der E-Mail zum Zur\u00fccksetzen enthalten sein.<\/p>&#13;\n&#13;\n<h2 class=\"wp-block-heading\">Speicherfristen f\u00fcr Ihre Daten<\/h2>&#13;\n&#13;\n<p><strong class=\"privacy-policy-tutorial\">Textvorschlag: <\/strong>Wenn Sie einen Kommentar hinterlassen, werden der Kommentar und seine Metadaten auf unbestimmte Zeit gespeichert. Dadurch werden nachfolgende Kommentare automatisch erkannt und genehmigt, anstatt sie in der Moderationswarteschlange zu belassen.<\/p>&#13;\n&#13;\n<p>F\u00fcr Konten, die sich auf unserer Seite registrieren (falls zutreffend), speichern wir auch die in ihrem Profil angegebenen pers\u00f6nlichen Daten. Alle Konten k\u00f6nnen ihre pers\u00f6nlichen Informationen jederzeit einsehen, \u00e4ndern oder l\u00f6schen (mit Ausnahme ihres Benutzernamens). Auch die Verwalter der Website k\u00f6nnen diese Informationen einsehen und \u00e4ndern.<\/p>&#13;\n&#13;\n<h2 class=\"wp-block-heading\">Welche Rechte Sie \u00fcber Ihre Daten haben<\/h2>&#13;\n&#13;\n<p><strong class=\"privacy-policy-tutorial\">Textvorschlag: <\/strong>Wenn Sie ein Konto haben oder Kommentare auf der Seite hinterlassen haben, k\u00f6nnen Sie eine Datei anfordern, die alle pers\u00f6nlichen Daten enth\u00e4lt, die wir \u00fcber Sie besitzen, einschlie\u00dflich der Daten, die Sie uns zur Verf\u00fcgung gestellt haben. Sie k\u00f6nnen auch die L\u00f6schung Ihrer personenbezogenen Daten fordern. Dies gilt nicht f\u00fcr Daten, die f\u00fcr administrative, rechtliche oder Sicherheitszwecke gespeichert werden.<\/p>&#13;\n&#13;\n<h2 class=\"wp-block-heading\">Wohin Ihre Daten gesendet werden<\/h2>&#13;\n&#13;\n<p><strong class=\"privacy-policy-tutorial\">Textvorschlag: <\/strong>Besucherkommentare k\u00f6nnen mithilfe eines automatisierten Dienstes zur Erkennung unerw\u00fcnschter Kommentare \u00fcberpr\u00fcft werden.<\/p>&#13;\n","protected":false},"excerpt":{"rendered":"<p>&#13; Wer sind wir? &#13; &#13; Textvorschlag: Die Adresse unserer Website lautet: https:\/\/groupeliebot.fr. &#13; &#13; Kommentare &#13; &#13; Textvorschlag: Wenn Sie einen Kommentar auf unserer Website hinterlassen, werden die in das Kommentarformular eingetragenen Daten sowie Ihre IP-Adresse und der User Agent Ihres Browsers gesammelt, um uns bei der Erkennung unerw\u00fcnschter Kommentare zu helfen. &#13; &#13; [&hellip;]<\/p>\n","protected":false},"author":1,"featured_media":0,"parent":0,"menu_order":2000,"comment_status":"closed","ping_status":"closed","template":"","meta":{"_seopress_robots_primary_cat":"","footnotes":""},"class_list":["post-2454","page","type-page","status-publish","hentry"],"acf":[],"_links":{"self":[{"href":"https:\/\/www.groupeliebot.fr\/de\/wp-json\/wp\/v2\/pages\/2454"}],"collection":[{"href":"https:\/\/www.groupeliebot.fr\/de\/wp-json\/wp\/v2\/pages"}],"about":[{"href":"https:\/\/www.groupeliebot.fr\/de\/wp-json\/wp\/v2\/types\/page"}],"author":[{"embeddable":true,"href":"https:\/\/www.groupeliebot.fr\/de\/wp-json\/wp\/v2\/users\/1"}],"replies":[{"embeddable":true,"href":"https:\/\/www.groupeliebot.fr\/de\/wp-json\/wp\/v2\/comments?post=2454"}],"version-history":[{"count":1,"href":"https:\/\/www.groupeliebot.fr\/de\/wp-json\/wp\/v2\/pages\/2454\/revisions"}],"predecessor-version":[{"id":2456,"href":"https:\/\/www.groupeliebot.fr\/de\/wp-json\/wp\/v2\/pages\/2454\/revisions\/2456"}],"wp:attachment":[{"href":"https:\/\/www.groupeliebot.fr\/de\/wp-json\/wp\/v2\/media?parent=2454"}],"curies":[{"name":"wp","href":"https:\/\/api.w.org\/{rel}","templated":true}]}}